{"id":656,"date":"2025-04-12T16:35:50","date_gmt":"2025-04-12T14:35:50","guid":{"rendered":"https:\/\/segatto.hu\/prospective-patients\/"},"modified":"2025-06-24T14:28:18","modified_gmt":"2025-06-24T12:28:18","slug":"leendo-pacienseink","status":"publish","type":"page","link":"https:\/\/segatto.hu\/hu\/leendo-pacienseink\/","title":{"rendered":"Leend\u0151 p\u00e1cienseink"},"content":{"rendered":"\n<h1 class=\"wp-block-heading section-title text--center\">precizit\u00e1s l\u00e9p\u00e9sr\u0151l l\u00e9p\u00e9sre<\/h1>\n","protected":false},"excerpt":{"rendered":"<p>precizit\u00e1s l\u00e9p\u00e9sr\u0151l l\u00e9p\u00e9sre<\/p>\n","protected":false},"author":1,"featured_media":0,"parent":0,"menu_order":0,"comment_status":"closed","ping_status":"closed","template":"template-prospective-patients.php","meta":{"_acf_changed":false,"inline_featured_image":false,"footnotes":""},"class_list":["post-656","page","type-page","status-publish","hentry"],"acf":[],"yoast_head":"<!-- This site is optimized with the Yoast SEO plugin v24.8.1 - https:\/\/yoast.com\/wordpress\/plugins\/seo\/ -->\n<title>Leend\u0151 p\u00e1cienseink - Segatto<\/title>\n<meta name=\"robots\" content=\"index, follow, max-snippet:-1, max-image-preview:large, max-video-preview:-1\" \/>\n<link rel=\"canonical\" href=\"https:\/\/segatto.hu\/hu\/leendo-pacienseink\/\" \/>\n<meta property=\"og:locale\" content=\"hu_HU\" \/>\n<meta property=\"og:type\" content=\"article\" \/>\n<meta property=\"og:title\" content=\"Leend\u0151 p\u00e1cienseink - Segatto\" \/>\n<meta property=\"og:description\" content=\"precizit\u00e1s l\u00e9p\u00e9sr\u0151l l\u00e9p\u00e9sre\" \/>\n<meta property=\"og:url\" content=\"https:\/\/segatto.hu\/hu\/leendo-pacienseink\/\" \/>\n<meta property=\"og:site_name\" content=\"Segatto\" \/>\n<meta property=\"article:modified_time\" content=\"2025-06-24T12:28:18+00:00\" \/>\n<meta name=\"twitter:card\" content=\"summary_large_image\" \/>\n<meta name=\"twitter:label1\" content=\"Becs\u00fclt olvas\u00e1si id\u0151\" \/>\n\t<meta name=\"twitter:data1\" content=\"1 perc\" \/>\n<script type=\"application\/ld+json\" class=\"yoast-schema-graph\">{\"@context\":\"https:\/\/schema.org\",\"@graph\":[{\"@type\":\"WebPage\",\"@id\":\"https:\/\/segatto.hu\/hu\/leendo-pacienseink\/\",\"url\":\"https:\/\/segatto.hu\/hu\/leendo-pacienseink\/\",\"name\":\"Leend\u0151 p\u00e1cienseink - Segatto\",\"isPartOf\":{\"@id\":\"https:\/\/segatto.hu\/#website\"},\"datePublished\":\"2025-04-12T14:35:50+00:00\",\"dateModified\":\"2025-06-24T12:28:18+00:00\",\"breadcrumb\":{\"@id\":\"https:\/\/segatto.hu\/hu\/leendo-pacienseink\/#breadcrumb\"},\"inLanguage\":\"hu\",\"potentialAction\":[{\"@type\":\"ReadAction\",\"target\":[\"https:\/\/segatto.hu\/hu\/leendo-pacienseink\/\"]}]},{\"@type\":\"BreadcrumbList\",\"@id\":\"https:\/\/segatto.hu\/hu\/leendo-pacienseink\/#breadcrumb\",\"itemListElement\":[{\"@type\":\"ListItem\",\"position\":1,\"name\":\"Kezd\u0151lap\",\"item\":\"https:\/\/segatto.hu\/hu\/\"},{\"@type\":\"ListItem\",\"position\":2,\"name\":\"Leend\u0151 p\u00e1cienseink\"}]},{\"@type\":\"WebSite\",\"@id\":\"https:\/\/segatto.hu\/#website\",\"url\":\"https:\/\/segatto.hu\/\",\"name\":\"Segatto\",\"description\":\"\",\"publisher\":{\"@id\":\"https:\/\/segatto.hu\/#organization\"},\"potentialAction\":[{\"@type\":\"SearchAction\",\"target\":{\"@type\":\"EntryPoint\",\"urlTemplate\":\"https:\/\/segatto.hu\/?s={search_term_string}\"},\"query-input\":{\"@type\":\"PropertyValueSpecification\",\"valueRequired\":true,\"valueName\":\"search_term_string\"}}],\"inLanguage\":\"hu\"},{\"@type\":\"Organization\",\"@id\":\"https:\/\/segatto.hu\/#organization\",\"name\":\"Segatto\",\"url\":\"https:\/\/segatto.hu\/\",\"logo\":{\"@type\":\"ImageObject\",\"inLanguage\":\"hu\",\"@id\":\"https:\/\/segatto.hu\/#\/schema\/logo\/image\/\",\"url\":\"https:\/\/segatto.hu\/wp-content\/uploads\/2025\/04\/logo-white.svg\",\"contentUrl\":\"https:\/\/segatto.hu\/wp-content\/uploads\/2025\/04\/logo-white.svg\",\"caption\":\"Segatto\"},\"image\":{\"@id\":\"https:\/\/segatto.hu\/#\/schema\/logo\/image\/\"}}]}<\/script>\n<!-- \/ Yoast SEO plugin. -->","yoast_head_json":{"title":"Leend\u0151 p\u00e1cienseink - Segatto","robots":{"index":"index","follow":"follow","max-snippet":"max-snippet:-1","max-image-preview":"max-image-preview:large","max-video-preview":"max-video-preview:-1"},"canonical":"https:\/\/segatto.hu\/hu\/leendo-pacienseink\/","og_locale":"hu_HU","og_type":"article","og_title":"Leend\u0151 p\u00e1cienseink - Segatto","og_description":"precizit\u00e1s l\u00e9p\u00e9sr\u0151l l\u00e9p\u00e9sre","og_url":"https:\/\/segatto.hu\/hu\/leendo-pacienseink\/","og_site_name":"Segatto","article_modified_time":"2025-06-24T12:28:18+00:00","twitter_card":"summary_large_image","twitter_misc":{"Becs\u00fclt olvas\u00e1si id\u0151":"1 perc"},"schema":{"@context":"https:\/\/schema.org","@graph":[{"@type":"WebPage","@id":"https:\/\/segatto.hu\/hu\/leendo-pacienseink\/","url":"https:\/\/segatto.hu\/hu\/leendo-pacienseink\/","name":"Leend\u0151 p\u00e1cienseink - Segatto","isPartOf":{"@id":"https:\/\/segatto.hu\/#website"},"datePublished":"2025-04-12T14:35:50+00:00","dateModified":"2025-06-24T12:28:18+00:00","breadcrumb":{"@id":"https:\/\/segatto.hu\/hu\/leendo-pacienseink\/#breadcrumb"},"inLanguage":"hu","potentialAction":[{"@type":"ReadAction","target":["https:\/\/segatto.hu\/hu\/leendo-pacienseink\/"]}]},{"@type":"BreadcrumbList","@id":"https:\/\/segatto.hu\/hu\/leendo-pacienseink\/#breadcrumb","itemListElement":[{"@type":"ListItem","position":1,"name":"Kezd\u0151lap","item":"https:\/\/segatto.hu\/hu\/"},{"@type":"ListItem","position":2,"name":"Leend\u0151 p\u00e1cienseink"}]},{"@type":"WebSite","@id":"https:\/\/segatto.hu\/#website","url":"https:\/\/segatto.hu\/","name":"Segatto","description":"","publisher":{"@id":"https:\/\/segatto.hu\/#organization"},"potentialAction":[{"@type":"SearchAction","target":{"@type":"EntryPoint","urlTemplate":"https:\/\/segatto.hu\/?s={search_term_string}"},"query-input":{"@type":"PropertyValueSpecification","valueRequired":true,"valueName":"search_term_string"}}],"inLanguage":"hu"},{"@type":"Organization","@id":"https:\/\/segatto.hu\/#organization","name":"Segatto","url":"https:\/\/segatto.hu\/","logo":{"@type":"ImageObject","inLanguage":"hu","@id":"https:\/\/segatto.hu\/#\/schema\/logo\/image\/","url":"https:\/\/segatto.hu\/wp-content\/uploads\/2025\/04\/logo-white.svg","contentUrl":"https:\/\/segatto.hu\/wp-content\/uploads\/2025\/04\/logo-white.svg","caption":"Segatto"},"image":{"@id":"https:\/\/segatto.hu\/#\/schema\/logo\/image\/"}}]}},"_links":{"self":[{"href":"https:\/\/segatto.hu\/hu\/wp-json\/wp\/v2\/pages\/656","targetHints":{"allow":["GET"]}}],"collection":[{"href":"https:\/\/segatto.hu\/hu\/wp-json\/wp\/v2\/pages"}],"about":[{"href":"https:\/\/segatto.hu\/hu\/wp-json\/wp\/v2\/types\/page"}],"author":[{"embeddable":true,"href":"https:\/\/segatto.hu\/hu\/wp-json\/wp\/v2\/users\/1"}],"replies":[{"embeddable":true,"href":"https:\/\/segatto.hu\/hu\/wp-json\/wp\/v2\/comments?post=656"}],"version-history":[{"count":1,"href":"https:\/\/segatto.hu\/hu\/wp-json\/wp\/v2\/pages\/656\/revisions"}],"predecessor-version":[{"id":657,"href":"https:\/\/segatto.hu\/hu\/wp-json\/wp\/v2\/pages\/656\/revisions\/657"}],"wp:attachment":[{"href":"https:\/\/segatto.hu\/hu\/wp-json\/wp\/v2\/media?parent=656"}],"curies":[{"name":"wp","href":"https:\/\/api.w.org\/{rel}","templated":true}]}}