{"id":695,"date":"2025-04-13T09:53:58","date_gmt":"2025-04-13T07:53:58","guid":{"rendered":"https:\/\/segatto.hu\/refer-patient\/"},"modified":"2025-07-30T11:12:57","modified_gmt":"2025-07-30T09:12:57","slug":"beutalo","status":"publish","type":"page","link":"https:\/\/segatto.hu\/hu\/beutalo\/","title":{"rendered":"Beutal\u00f3"},"content":{"rendered":"\n<figure class=\"wp-block-image size-large\"><img decoding=\"async\" src=\"https:\/\/segatto.hu\/wp-content\/uploads\/2025\/04\/logo-black.svg\" alt=\"\" class=\"wp-image-172\"\/><\/figure>\n\n\n\n<p><strong>Beutal\u00f3 nyomtatv\u00e1ny<\/strong> <\/p>\n\n\n\n<p>K\u00e9rj\u00fck, t\u00f6ltse ki a p\u00e1ciens beutal\u00e1s\u00e1hoz sz\u00fcks\u00e9ges adatokat!<\/p>\n\n\n\n<p>Pap\u00edr alap\u00fa beutal\u00f3t szeretne kit\u00f6lteni?<\/p>\n\n\n\n<div class=\"wp-block-group text--center\"><div class=\"wp-block-group__inner-container is-layout-constrained wp-block-group-is-layout-constrained\"><a\n        href=\"https:\/\/segatto.hu\/wp-content\/uploads\/2025\/07\/BEUTALO-Hun.pdf\"\n        class=\"btn btn--outline-primary-dark \">Let\u00f6lt\u00e9s<\/a>\n<\/div><\/div>\n\n\n\n<p><\/p>\n","protected":false},"excerpt":{"rendered":"<p>Beutal\u00f3 nyomtatv\u00e1ny K\u00e9rj\u00fck, t\u00f6ltse ki a p\u00e1ciens beutal\u00e1s\u00e1hoz sz\u00fcks\u00e9ges adatokat! Pap\u00edr alap\u00fa beutal\u00f3t szeretne kit\u00f6lteni?<\/p>\n","protected":false},"author":1,"featured_media":0,"parent":0,"menu_order":0,"comment_status":"closed","ping_status":"closed","template":"template-refer-patient.php","meta":{"_acf_changed":false,"inline_featured_image":false,"footnotes":""},"class_list":["post-695","page","type-page","status-publish","hentry"],"acf":[],"yoast_head":"<!-- This site is optimized with the Yoast SEO plugin v24.8.1 - https:\/\/yoast.com\/wordpress\/plugins\/seo\/ -->\n<title>Beutal\u00f3 - Segatto<\/title>\n<meta name=\"robots\" content=\"index, follow, max-snippet:-1, max-image-preview:large, max-video-preview:-1\" \/>\n<link rel=\"canonical\" href=\"https:\/\/segatto.hu\/hu\/beutalo\/\" \/>\n<meta property=\"og:locale\" content=\"hu_HU\" \/>\n<meta property=\"og:type\" content=\"article\" \/>\n<meta property=\"og:title\" content=\"Beutal\u00f3 - Segatto\" \/>\n<meta property=\"og:description\" content=\"Beutal\u00f3 nyomtatv\u00e1ny K\u00e9rj\u00fck, t\u00f6ltse ki a p\u00e1ciens beutal\u00e1s\u00e1hoz sz\u00fcks\u00e9ges adatokat! Pap\u00edr alap\u00fa beutal\u00f3t szeretne kit\u00f6lteni?\" \/>\n<meta property=\"og:url\" content=\"https:\/\/segatto.hu\/hu\/beutalo\/\" \/>\n<meta property=\"og:site_name\" content=\"Segatto\" \/>\n<meta property=\"article:modified_time\" content=\"2025-07-30T09:12:57+00:00\" \/>\n<meta name=\"twitter:card\" content=\"summary_large_image\" \/>\n<meta name=\"twitter:label1\" content=\"Becs\u00fclt olvas\u00e1si id\u0151\" \/>\n\t<meta name=\"twitter:data1\" content=\"1 perc\" \/>\n<script type=\"application\/ld+json\" class=\"yoast-schema-graph\">{\"@context\":\"https:\/\/schema.org\",\"@graph\":[{\"@type\":\"WebPage\",\"@id\":\"https:\/\/segatto.hu\/hu\/beutalo\/\",\"url\":\"https:\/\/segatto.hu\/hu\/beutalo\/\",\"name\":\"Beutal\u00f3 - Segatto\",\"isPartOf\":{\"@id\":\"https:\/\/segatto.hu\/#website\"},\"primaryImageOfPage\":{\"@id\":\"https:\/\/segatto.hu\/hu\/beutalo\/#primaryimage\"},\"image\":{\"@id\":\"https:\/\/segatto.hu\/hu\/beutalo\/#primaryimage\"},\"thumbnailUrl\":\"https:\/\/segatto.hu\/wp-content\/uploads\/2025\/04\/logo-black.svg\",\"datePublished\":\"2025-04-13T07:53:58+00:00\",\"dateModified\":\"2025-07-30T09:12:57+00:00\",\"breadcrumb\":{\"@id\":\"https:\/\/segatto.hu\/hu\/beutalo\/#breadcrumb\"},\"inLanguage\":\"hu\",\"potentialAction\":[{\"@type\":\"ReadAction\",\"target\":[\"https:\/\/segatto.hu\/hu\/beutalo\/\"]}]},{\"@type\":\"ImageObject\",\"inLanguage\":\"hu\",\"@id\":\"https:\/\/segatto.hu\/hu\/beutalo\/#primaryimage\",\"url\":\"https:\/\/segatto.hu\/wp-content\/uploads\/2025\/04\/logo-black.svg\",\"contentUrl\":\"https:\/\/segatto.hu\/wp-content\/uploads\/2025\/04\/logo-black.svg\"},{\"@type\":\"BreadcrumbList\",\"@id\":\"https:\/\/segatto.hu\/hu\/beutalo\/#breadcrumb\",\"itemListElement\":[{\"@type\":\"ListItem\",\"position\":1,\"name\":\"Kezd\u0151lap\",\"item\":\"https:\/\/segatto.hu\/hu\/\"},{\"@type\":\"ListItem\",\"position\":2,\"name\":\"Beutal\u00f3\"}]},{\"@type\":\"WebSite\",\"@id\":\"https:\/\/segatto.hu\/#website\",\"url\":\"https:\/\/segatto.hu\/\",\"name\":\"Segatto\",\"description\":\"\",\"publisher\":{\"@id\":\"https:\/\/segatto.hu\/#organization\"},\"potentialAction\":[{\"@type\":\"SearchAction\",\"target\":{\"@type\":\"EntryPoint\",\"urlTemplate\":\"https:\/\/segatto.hu\/?s={search_term_string}\"},\"query-input\":{\"@type\":\"PropertyValueSpecification\",\"valueRequired\":true,\"valueName\":\"search_term_string\"}}],\"inLanguage\":\"hu\"},{\"@type\":\"Organization\",\"@id\":\"https:\/\/segatto.hu\/#organization\",\"name\":\"Segatto\",\"url\":\"https:\/\/segatto.hu\/\",\"logo\":{\"@type\":\"ImageObject\",\"inLanguage\":\"hu\",\"@id\":\"https:\/\/segatto.hu\/#\/schema\/logo\/image\/\",\"url\":\"https:\/\/segatto.hu\/wp-content\/uploads\/2025\/04\/logo-white.svg\",\"contentUrl\":\"https:\/\/segatto.hu\/wp-content\/uploads\/2025\/04\/logo-white.svg\",\"caption\":\"Segatto\"},\"image\":{\"@id\":\"https:\/\/segatto.hu\/#\/schema\/logo\/image\/\"}}]}<\/script>\n<!-- \/ Yoast SEO plugin. -->","yoast_head_json":{"title":"Beutal\u00f3 - Segatto","robots":{"index":"index","follow":"follow","max-snippet":"max-snippet:-1","max-image-preview":"max-image-preview:large","max-video-preview":"max-video-preview:-1"},"canonical":"https:\/\/segatto.hu\/hu\/beutalo\/","og_locale":"hu_HU","og_type":"article","og_title":"Beutal\u00f3 - Segatto","og_description":"Beutal\u00f3 nyomtatv\u00e1ny K\u00e9rj\u00fck, t\u00f6ltse ki a p\u00e1ciens beutal\u00e1s\u00e1hoz sz\u00fcks\u00e9ges adatokat! Pap\u00edr alap\u00fa beutal\u00f3t szeretne kit\u00f6lteni?","og_url":"https:\/\/segatto.hu\/hu\/beutalo\/","og_site_name":"Segatto","article_modified_time":"2025-07-30T09:12:57+00:00","twitter_card":"summary_large_image","twitter_misc":{"Becs\u00fclt olvas\u00e1si id\u0151":"1 perc"},"schema":{"@context":"https:\/\/schema.org","@graph":[{"@type":"WebPage","@id":"https:\/\/segatto.hu\/hu\/beutalo\/","url":"https:\/\/segatto.hu\/hu\/beutalo\/","name":"Beutal\u00f3 - Segatto","isPartOf":{"@id":"https:\/\/segatto.hu\/#website"},"primaryImageOfPage":{"@id":"https:\/\/segatto.hu\/hu\/beutalo\/#primaryimage"},"image":{"@id":"https:\/\/segatto.hu\/hu\/beutalo\/#primaryimage"},"thumbnailUrl":"https:\/\/segatto.hu\/wp-content\/uploads\/2025\/04\/logo-black.svg","datePublished":"2025-04-13T07:53:58+00:00","dateModified":"2025-07-30T09:12:57+00:00","breadcrumb":{"@id":"https:\/\/segatto.hu\/hu\/beutalo\/#breadcrumb"},"inLanguage":"hu","potentialAction":[{"@type":"ReadAction","target":["https:\/\/segatto.hu\/hu\/beutalo\/"]}]},{"@type":"ImageObject","inLanguage":"hu","@id":"https:\/\/segatto.hu\/hu\/beutalo\/#primaryimage","url":"https:\/\/segatto.hu\/wp-content\/uploads\/2025\/04\/logo-black.svg","contentUrl":"https:\/\/segatto.hu\/wp-content\/uploads\/2025\/04\/logo-black.svg"},{"@type":"BreadcrumbList","@id":"https:\/\/segatto.hu\/hu\/beutalo\/#breadcrumb","itemListElement":[{"@type":"ListItem","position":1,"name":"Kezd\u0151lap","item":"https:\/\/segatto.hu\/hu\/"},{"@type":"ListItem","position":2,"name":"Beutal\u00f3"}]},{"@type":"WebSite","@id":"https:\/\/segatto.hu\/#website","url":"https:\/\/segatto.hu\/","name":"Segatto","description":"","publisher":{"@id":"https:\/\/segatto.hu\/#organization"},"potentialAction":[{"@type":"SearchAction","target":{"@type":"EntryPoint","urlTemplate":"https:\/\/segatto.hu\/?s={search_term_string}"},"query-input":{"@type":"PropertyValueSpecification","valueRequired":true,"valueName":"search_term_string"}}],"inLanguage":"hu"},{"@type":"Organization","@id":"https:\/\/segatto.hu\/#organization","name":"Segatto","url":"https:\/\/segatto.hu\/","logo":{"@type":"ImageObject","inLanguage":"hu","@id":"https:\/\/segatto.hu\/#\/schema\/logo\/image\/","url":"https:\/\/segatto.hu\/wp-content\/uploads\/2025\/04\/logo-white.svg","contentUrl":"https:\/\/segatto.hu\/wp-content\/uploads\/2025\/04\/logo-white.svg","caption":"Segatto"},"image":{"@id":"https:\/\/segatto.hu\/#\/schema\/logo\/image\/"}}]}},"_links":{"self":[{"href":"https:\/\/segatto.hu\/hu\/wp-json\/wp\/v2\/pages\/695","targetHints":{"allow":["GET"]}}],"collection":[{"href":"https:\/\/segatto.hu\/hu\/wp-json\/wp\/v2\/pages"}],"about":[{"href":"https:\/\/segatto.hu\/hu\/wp-json\/wp\/v2\/types\/page"}],"author":[{"embeddable":true,"href":"https:\/\/segatto.hu\/hu\/wp-json\/wp\/v2\/users\/1"}],"replies":[{"embeddable":true,"href":"https:\/\/segatto.hu\/hu\/wp-json\/wp\/v2\/comments?post=695"}],"version-history":[{"count":5,"href":"https:\/\/segatto.hu\/hu\/wp-json\/wp\/v2\/pages\/695\/revisions"}],"predecessor-version":[{"id":959,"href":"https:\/\/segatto.hu\/hu\/wp-json\/wp\/v2\/pages\/695\/revisions\/959"}],"wp:attachment":[{"href":"https:\/\/segatto.hu\/hu\/wp-json\/wp\/v2\/media?parent=695"}],"curies":[{"name":"wp","href":"https:\/\/api.w.org\/{rel}","templated":true}]}}